{"id":1052,"date":"2022-03-31T06:13:25","date_gmt":"2022-03-31T06:13:25","guid":{"rendered":"https:\/\/wordpressriverthemes.com\/demodata\/?page_id=1052"},"modified":"2024-02-11T12:43:58","modified_gmt":"2024-02-11T11:43:58","slug":"about-us","status":"publish","type":"page","link":"https:\/\/www.testlyara.backxport.com\/index.php\/about-us\/","title":{"rendered":"A propos de nous"},"content":{"rendered":"\t\t<div data-elementor-type=\"wp-page\" data-elementor-id=\"1052\" class=\"elementor elementor-1052\">\n\t\t\t\t\t\t<section class=\"elementor-section elementor-top-section elementor-element elementor-element-8de0fb4 elementor-section-full_width elementor-section-height-default elementor-section-height-default\" data-id=\"8de0fb4\" data-element_type=\"section\" data-e-type=\"section\">\n\t\t\t\t\t\t<div class=\"elementor-container elementor-column-gap-no\">\n\t\t\t\t\t<div class=\"elementor-column elementor-col-100 elementor-top-column elementor-element elementor-element-0d9b246\" data-id=\"0d9b246\" data-element_type=\"column\" data-e-type=\"column\">\n\t\t\t<div class=\"elementor-widget-wrap\">\n\t\t\t\t\t\t\t<\/div>\n\t\t<\/div>\n\t\t\t\t\t<\/div>\n\t\t<\/section>\n\t\t\t\t<section class=\"elementor-section elementor-top-section elementor-element elementor-element-6ded1d5 elementor-section-full_width elementor-section-height-default elementor-section-height-default\" data-id=\"6ded1d5\" data-element_type=\"section\" data-e-type=\"section\">\n\t\t\t\t\t\t<div class=\"elementor-container elementor-column-gap-no\">\n\t\t\t\t\t<div class=\"elementor-column elementor-col-100 elementor-top-column elementor-element elementor-element-04f47b6\" data-id=\"04f47b6\" data-element_type=\"column\" data-e-type=\"column\">\n\t\t\t<div class=\"elementor-widget-wrap elementor-element-populated\">\n\t\t\t\t\t\t<div class=\"elementor-element elementor-element-4879a04 elementor-widget elementor-widget-progress\" data-id=\"4879a04\" data-element_type=\"widget\" data-e-type=\"widget\" data-widget_type=\"progress.default\">\n\t\t\t\t<div class=\"elementor-widget-container\">\n\t\t\t\t\t\n        <!-- Star Achivement\n    ============================================= -->\n    <div class=\"achivement-area default-padding-bottom\">\n        <!-- Fixed BG -->\n        <div class=\"fixed-bg\">\n            <img decoding=\"async\" src=\"http:\/\/www.testlyara.backxport.com\/wp-content\/uploads\/2022\/04\/banner-1.png\" alt=\"Shape\">\n        <\/div>\n        <!-- Fixed BG -->\n        <div class=\"container\">\n            <div class=\"row\">\n                <div class=\"col-lg-6 heading-side\">\n                    <h5>Un r\u00e9seau d&#039;expert<\/h5>\n                    <h2>Des experts engag\u00e9s qui \u00e9tudient votre projet pour vous apporter des solutions d\u00e9di\u00e9es. <\/h2>\n                    <p>\n                        Nous sommes une \u00e9quipe passionn\u00e9e de professionnels de l\u2019approvisionnement international. Nous avons fond\u00e9 notre entreprise pour aider les entreprises \u00e0 naviguer dans le march\u00e9 mondial complexe. Notre \u00e9quipe multilingue travaille en \u00e9troite collaboration avec nos clients pour comprendre leurs besoins uniques et leur fournir des solutions sur mesure. Nous sommes fiers de notre engagement envers l\u2019excellence et la qualit\u00e9, et nous sommes d\u00e9termin\u00e9s \u00e0 aider nos clients \u00e0 r\u00e9ussir sur la sc\u00e8ne internationale.\n\n\n \n                    <\/p>\n                <\/div>\n                <div class=\"col-lg-6 right-content\">\n                    <div class=\"skill-items\">\n                                              <!-- Progress Bar Start -->\n                        <div class=\"progress-box\">\n                            <h5>SOURCING<\/h5>\n                            <div class=\"progress\">\n                                <div class=\"progress-bar\" role=\"progressbar\" data-width=\"85\">\n                                    <span>85%<\/span>\n                                <\/div>\n                            <\/div>\n                        <\/div><!-- End Progressbar -->                       <!-- Progress Bar Start -->\n                        <div class=\"progress-box\">\n                            <h5>AUDIT<\/h5>\n                            <div class=\"progress\">\n                                <div class=\"progress-bar\" role=\"progressbar\" data-width=\"70\">\n                                    <span>70%<\/span>\n                                <\/div>\n                            <\/div>\n                        <\/div><!-- End Progressbar -->                       <!-- Progress Bar Start -->\n                        <div class=\"progress-box\">\n                            <h5>LOGISTIQUE<\/h5>\n                            <div class=\"progress\">\n                                <div class=\"progress-bar\" role=\"progressbar\" data-width=\"95\">\n                                    <span>95%<\/span>\n                                <\/div>\n                            <\/div>\n                        <\/div><!-- End Progressbar -->                    <\/div>\n                <\/div>\n                \n            <\/div>\n        <\/div>\n    <\/div>\n    <!-- End Achivement Area -->\n\n    \t\t\t\t<\/div>\n\t\t\t\t<\/div>\n\t\t\t\t<div class=\"elementor-element elementor-element-1eed513 elementor-widget elementor-widget-about\" data-id=\"1eed513\" data-element_type=\"widget\" data-e-type=\"widget\" data-widget_type=\"about.default\">\n\t\t\t\t<div class=\"elementor-widget-container\">\n\t\t\t\t\t\n        <!-- Start About\n    ============================================= -->\n    <div class=\"about-area overflow-hidden default-padding\">\n        <div class=\"container\">\n            <div class=\"about-items\">\n                <div class=\"row align-center\">\n\n                    <!-- Thumb -->\n                    <div class=\"col-lg-6\">\n                        <div class=\"thumb\">\n                            <img decoding=\"async\" src=\"http:\/\/www.testlyara.backxport.com\/wp-content\/uploads\/2024\/01\/group-business-people-scaled.jpg\" alt=\"Thumb\">\n                            <div class=\"fun-fact\">\n                                <div class=\"counter\">\n                                    <div class=\"timer\" data-to=\"2500\" data-speed=\"2000\">2500<\/div>\n                                    <div class=\"operator\">K<\/div>\n                                <\/div>\n                                <span class=\"medium\">Fournisseurs<\/span>\n                            <\/div>\n                        <\/div>\n                    <\/div>\n                    <!-- End Thumb -->\n\n                    <div class=\"col-lg-6\">\n                        <div class=\"content\">\n                            <h2>Votre r\u00e9ussite internationale cl\u00e9 en main<\/h2>\n                            <p>\n                                Gr\u00e2ce \u00e0 notre r\u00e9seau de fournisseurs certifi\u00e9s, notre pr\u00e9sence sur les march\u00e9s cl\u00e9s et notre pilotage sur-mesure de vos op\u00e9rations d&#039;importation, nous s\u00e9curisons votre approvisionnement international de A \u00e0 Z.                            <\/p>\n                            <ul>\n                                                                <li>\n                                    <h5>Des fournisseurs de confiance, rigoureusement s\u00e9lectionn\u00e9s<\/h5>\n                                    <p>\n                                        Nous disposons de plus de 2500 fournisseurs r\u00e9f\u00e9renc\u00e9s et audit\u00e9s dans notre base de donn\u00e9es, sur tous les continents. Nos \u00e9quipes locales r\u00e9alisent une v\u00e9rification approfondie de chaque partenaire potentiel avant de l&#039;int\u00e9grer \u00e0 notre r\u00e9seau de confiance. Ce travail rigoureux nous permet de vous connecter aux meilleurs fournisseurs au niveau mondial.\n \n                                    <\/p>\n                                <\/li>\n                                                            <li>\n                                    <h5>Un pilotage complet pour simplifier vos importations <\/h5>\n                                    <p>\n                                        Pour vous faciliter l&#039;importation, nous mettons \u00e0 votre disposition des responsables de projet qui centralisent et coordonnent tous les maillons logistiques. Vous gagnez en r\u00e9activit\u00e9 et en s\u00e9r\u00e9nit\u00e9 gr\u00e2ce \u00e0 notre gestion compl\u00e8te des op\u00e9rations : transport multimodal, d\u00e9douanement, assurance qualit\u00e9, livraison.\n \n                                    <\/p>\n                                <\/li>\n                                                        <\/ul>\n                        <\/div>\n                    <\/div>\n<!-- End About Area -->\n\n    \t\t\t\t<\/div>\n\t\t\t\t<\/div>\n\t\t\t\t\t<\/div>\n\t\t<\/div>\n\t\t\t\t\t<\/div>\n\t\t<\/section>\n\t\t\t\t<\/div>\n\t\t","protected":false},"excerpt":{"rendered":"<p>Un r\u00e9seau d&#039;expert Des experts engag\u00e9s qui \u00e9tudient votre projet pour vous apporter des solutions d\u00e9di\u00e9es. Nous sommes une \u00e9quipe passionn\u00e9e de professionnels de l\u2019approvisionnement international. Nous avons fond\u00e9 notre entreprise pour aider les entreprises \u00e0 naviguer dans le march\u00e9 mondial complexe. Notre \u00e9quipe multilingue travaille en \u00e9troite collaboration avec nos clients pour comprendre leurs [&hellip;]<\/p>\n","protected":false},"author":1,"featured_media":1974,"parent":0,"menu_order":0,"comment_status":"closed","ping_status":"closed","template":"page-templates\/pages.php","meta":{"footnotes":""},"class_list":["post-1052","page","type-page","status-publish","has-post-thumbnail","hentry"],"_links":{"self":[{"href":"https:\/\/www.testlyara.backxport.com\/index.php\/wp-json\/wp\/v2\/pages\/1052","targetHints":{"allow":["GET"]}}],"collection":[{"href":"https:\/\/www.testlyara.backxport.com\/index.php\/wp-json\/wp\/v2\/pages"}],"about":[{"href":"https:\/\/www.testlyara.backxport.com\/index.php\/wp-json\/wp\/v2\/types\/page"}],"author":[{"embeddable":true,"href":"https:\/\/www.testlyara.backxport.com\/index.php\/wp-json\/wp\/v2\/users\/1"}],"replies":[{"embeddable":true,"href":"https:\/\/www.testlyara.backxport.com\/index.php\/wp-json\/wp\/v2\/comments?post=1052"}],"version-history":[{"count":26,"href":"https:\/\/www.testlyara.backxport.com\/index.php\/wp-json\/wp\/v2\/pages\/1052\/revisions"}],"predecessor-version":[{"id":2176,"href":"https:\/\/www.testlyara.backxport.com\/index.php\/wp-json\/wp\/v2\/pages\/1052\/revisions\/2176"}],"wp:featuredmedia":[{"embeddable":true,"href":"https:\/\/www.testlyara.backxport.com\/index.php\/wp-json\/wp\/v2\/media\/1974"}],"wp:attachment":[{"href":"https:\/\/www.testlyara.backxport.com\/index.php\/wp-json\/wp\/v2\/media?parent=1052"}],"curies":[{"name":"wp","href":"https:\/\/api.w.org\/{rel}","templated":true}]}}