{"id":1082,"date":"2022-03-31T06:27:56","date_gmt":"2022-03-31T06:27:56","guid":{"rendered":"https:\/\/wordpressriverthemes.com\/demodata\/?page_id=1082"},"modified":"2024-02-11T17:22:38","modified_gmt":"2024-02-11T16:22:38","slug":"our-services-v1","status":"publish","type":"page","link":"https:\/\/www.testlyara.backxport.com\/index.php\/our-services-v1\/","title":{"rendered":"Sourcing fournisseurs"},"content":{"rendered":"\t\t<div data-elementor-type=\"wp-page\" data-elementor-id=\"1082\" class=\"elementor elementor-1082\">\n\t\t\t\t\t\t<section class=\"elementor-section elementor-top-section elementor-element elementor-element-9c27e3b elementor-section-full_width elementor-section-height-default elementor-section-height-default\" data-id=\"9c27e3b\" data-element_type=\"section\" data-e-type=\"section\">\n\t\t\t\t\t\t<div class=\"elementor-container elementor-column-gap-no\">\n\t\t\t\t\t<div class=\"elementor-column elementor-col-100 elementor-top-column elementor-element elementor-element-f901fe4\" data-id=\"f901fe4\" data-element_type=\"column\" data-e-type=\"column\">\n\t\t\t<div class=\"elementor-widget-wrap\">\n\t\t\t\t\t\t\t<\/div>\n\t\t<\/div>\n\t\t\t\t\t<\/div>\n\t\t<\/section>\n\t\t\t\t<section class=\"elementor-section elementor-top-section elementor-element elementor-element-3ba4fac elementor-section-full_width elementor-section-height-default elementor-section-height-default\" data-id=\"3ba4fac\" data-element_type=\"section\" data-e-type=\"section\">\n\t\t\t\t\t\t<div class=\"elementor-container elementor-column-gap-no\">\n\t\t\t\t\t<div class=\"elementor-column elementor-col-100 elementor-top-column elementor-element elementor-element-c89ebc6\" data-id=\"c89ebc6\" data-element_type=\"column\" data-e-type=\"column\">\n\t\t\t<div class=\"elementor-widget-wrap elementor-element-populated\">\n\t\t\t\t\t\t<div class=\"elementor-element elementor-element-3dcfbeb elementor-widget elementor-widget-features\" data-id=\"3dcfbeb\" data-element_type=\"widget\" data-e-type=\"widget\" data-widget_type=\"features.default\">\n\t\t\t\t<div class=\"elementor-widget-container\">\n\t\t\t\t\t\n        <!-- Start Our Features\n    ============================================= -->\n    <div class=\"features-area bottom-shape-light default-padding bg-gray bottom-less\">\n        <div class=\"container\">\n            <div class=\"row\">\n                <div class=\"col-lg-6 offset-lg-3\">\n                    <div class=\"heading-center text-center\">\n                        <h5>Sourcing fournisseurs<\/h5>\n                        <h2>La cl\u00e9 pour la r\u00e9ussite des entreprises<\/h2>\n                    <\/div>\n                <\/div>\n            <\/div>\n        <\/div>\n        <div class=\"container\">\n            <div class=\"features-items text-center\">\n                <div class=\"row\">\n                                        <!-- Single Item -->\n                    <div class=\"col-lg-4 col-md-6 single-item\">\n                        <div class=\"item\">\n                            <h4>Recherche et identification de fournisseurs<\/h4>\n                            <i class=\"flaticon-creativity\"><\/i>\n                            <p>\n                                D\u00e9veloppez votre sourcing en Asie avec une expertise fiable et rigoureuse.                            <\/p>\n                                                        <a href=\"#\">En savoir plus<\/a>\n                                                    <\/div>\n                    <\/div>\n                    <!-- End Single Item -->                    <!-- Single Item -->\n                    <div class=\"col-lg-4 col-md-6 single-item\">\n                        <div class=\"item\">\n                            <h4>N\u00e9gociation des prix et des conditions d&#039;achat<\/h4>\n                            <i class=\"flaticon-secure\"><\/i>\n                            <p>\n                                Optimisez vos co\u00fbts et obtenez les meilleures conditions gr\u00e2ce \u00e0 une n\u00e9gociation experte.                            <\/p>\n                                                        <a href=\"#\">En savoir plus<\/a>\n                                                    <\/div>\n                    <\/div>\n                    <!-- End Single Item -->                    <!-- Single Item -->\n                    <div class=\"col-lg-4 col-md-6 single-item\">\n                        <div class=\"item\">\n                            <h4>Contr\u00f4le de la qualit\u00e9 des produits et suivi des livraisons<\/h4>\n                            <i class=\"flaticon-sugar-cubes\"><\/i>\n                            <p>\n                                Soyez serein : nous garantissons la qualit\u00e9 de vos produits et le respect des d\u00e9lais.                            <\/p>\n                                                        <a href=\"#\">En savoir plus<\/a>\n                                                    <\/div>\n                    <\/div>\n                    <!-- End Single Item -->                <\/div>\n            <\/div>\n        <\/div>\n    <\/div>\n    <!-- End Our Features -->\n\n    \t\t\t\t<\/div>\n\t\t\t\t<\/div>\n\t\t\t\t<div class=\"elementor-element elementor-element-b194308 elementor-widget elementor-widget-Services\" data-id=\"b194308\" data-element_type=\"widget\" data-e-type=\"widget\" data-widget_type=\"Services.default\">\n\t\t\t\t<div class=\"elementor-widget-container\">\n\t\t\t\t\t\n        <!-- Star Services\n    ============================================= -->\n    <div class=\"services-area default-padding\">\n        <div class=\"container\">\n            <div class=\"services-box\">\n                <div class=\"row align-center\">\n\n                    <div class=\"col-lg-5\">\n                        <div class=\"heading-side\">\n                            <!-- Shape Fixed Rotation -->\n                            <div class=\"shape-fixed animation-rotation\">\n                                <img decoding=\"async\" src=\"https:\/\/wordpressriverthemes.com\/demodata\/wp-content\/uploads\/2022\/03\/round-shappe.png\" alt=\"Thumb\">\n                            <\/div>\n                            <!-- Shape Fixed Rotation -->\n                            <h5>Pourquoi utiliser nos services<\/h5>\n                            <h2>Concentrez-vous sur votre c\u0153ur de m\u00e9tier, nous nous chargeons du reste !<\/h2>\n                            <p>\n                                \nD\u00e9veloppez votre activit\u00e9 en toute s\u00e9r\u00e9nit\u00e9 en confiant vos op\u00e9rations de sourcing, de production et de logistique \u00e0 des experts fiables et exp\u00e9riment\u00e9s.\n\nNotre \u00e9quipe d\u00e9di\u00e9e vous accompagne tout au long de la cha\u00eene d&#039;approvisionnement, en vous offrant une expertise et une connaissance approfondie des march\u00e9s asiatiques. \n                            <\/p>\n                            <a class=\"btn circle btn-dark border btn-md\" href=\"#\">Discover More<\/a>\n                        <\/div>\n                    <\/div>\n                    \n                    <div class=\"col-lg-7\">\n                        <div class=\"services-items\">\n                            <div class=\"row\">\n                                <div class=\"item-grid col-lg-6 col-md-6\">\n                                                                    <!-- Single Item -->\n                                    <div class=\"single-item\">\n                                        <div class=\"item\">\n                                            <div class=\"icon\">\n                                                <i class=\"flaticon-files-and-folders\"><\/i>\n                                            <\/div>\n                                            <div class=\"info\">\n                                                <h5><a href=\"#\">Confiez votre sourcing, votre production et votre logistique \u00e0 des experts fiables et exp\u00e9riment\u00e9s.<\/a><\/h5>\n                                                <p>\n                                                    Notre \u00e9quipe, sp\u00e9cialis\u00e9e dans les march\u00e9s internationnaux, vous offre une connaissance approfondie des fournisseurs locaux et une expertise reconnue dans l&#039;ensemble de la cha\u00eene d&#039;approvisionnement.                                                <\/p>\n                                            <\/div>\n                                        <\/div>\n                                    <\/div>\n                                    <!-- End Single Item -->                                <!-- Single Item -->\n                                    <div class=\"single-item\">\n                                        <div class=\"item\">\n                                            <div class=\"icon\">\n                                                <i class=\"flaticon-support\"><\/i>\n                                            <\/div>\n                                            <div class=\"info\">\n                                                <h5><a href=\"#\">Gagnez du temps et de l&#039;argent en nous confiant la gestion de vos projets.<\/a><\/h5>\n                                                <p>\n                                                    Nous n\u00e9gocions les meilleurs prix et conditions d&#039;achat, optimisons les processus et r\u00e9duisons les d\u00e9lais pour vous garantir une efficacit\u00e9 optimale.                                                <\/p>\n                                            <\/div>\n                                        <\/div>\n                                    <\/div>\n                                    <!-- End Single Item -->                                <\/div>\n                                \n                                <div class=\"item-grid col-lg-6 col-md-6\">\n                                                                        <!-- Single Item -->\n                                    <div class=\"single-item\">\n                                        <div class=\"item\">\n                                            <div class=\"icon\">\n                                                <i class=\"flaticon-branding-1\"><\/i>\n                                            <\/div>\n                                            <div class=\"info\">\n                                                <h5><a href=\"#\">Soyez serein : nous vous garantissons des produits de qualit\u00e9 r\u00e9pondant \u00e0 vos exigences et aux normes internationales..<\/a><\/h5>\n                                                <p>\n                                                    Notre engagement en mati\u00e8re de qualit\u00e9 se traduit par un contr\u00f4le rigoureux \u00e0 tous les stades de la production et un suivi des livraisons pour une r\u00e9ception sans tracas.\n                                                <\/p>\n                                            <\/div>\n                                        <\/div>\n                                    <\/div>\n                                    <!-- End Single Item -->                                    <!-- Single Item -->\n                                    <div class=\"single-item\">\n                                        <div class=\"item\">\n                                            <div class=\"icon\">\n                                                <i class=\"flaticon-price-tag\"><\/i>\n                                            <\/div>\n                                            <div class=\"info\">\n                                                <h5><a href=\"#\">B\u00e9n\u00e9ficiez d&#039;une flexibilit\u00e9 et d&#039;une adaptabilit\u00e9 \u00e0 vos besoins sp\u00e9cifiques.<\/a><\/h5>\n                                                <p>\n                                                    Notre large gamme de solutions s&#039;adapte \u00e0 vos diff\u00e9rents projets et nous sommes \u00e0 l&#039;\u00e9coute de vos exigences pour vous fournir un service personnalis\u00e9..                                                <\/p>\n                                            <\/div>\n                                        <\/div>\n                                    <\/div>\n                                    <!-- End Single Item -->                                    <!-- Single Item -->\n                                    <div class=\"single-item\">\n                                        <div class=\"item\">\n                                            <div class=\"icon\">\n                                                <i class=\"flaticon-price-tag\"><\/i>\n                                            <\/div>\n                                            <div class=\"info\">\n                                                <h5><a href=\"#\">D\u00e9veloppez un partenariat de confiance avec un partenaire transparent et r\u00e9actif.<\/a><\/h5>\n                                                <p>\n                                                    Nous nous engageons \u00e0 une communication claire et r\u00e9guli\u00e8re tout au long de votre projet et sommes \u00e0 votre disposition pour r\u00e9pondre \u00e0 vos questions et vous apporter des solutions.\n                                                <\/p>\n                                            <\/div>\n                                        <\/div>\n                                    <\/div>\n                                    <!-- End Single Item -->\n                                <\/div>\n                                \n                            <\/div>\n                        <\/div>\n                    <\/div>\n\n                <\/div>\n            <\/div>\n        <\/div>\n    <\/div>\n    <!-- End Services -->\n\n    \t\t\t\t<\/div>\n\t\t\t\t<\/div>\n\t\t\t\t\t<\/div>\n\t\t<\/div>\n\t\t\t\t\t<\/div>\n\t\t<\/section>\n\t\t\t\t<\/div>\n\t\t","protected":false},"excerpt":{"rendered":"<p>Sourcing fournisseurs La cl\u00e9 pour la r\u00e9ussite des entreprises Recherche et identification de fournisseurs D\u00e9veloppez votre sourcing en Asie avec une expertise fiable et rigoureuse. En savoir plus N\u00e9gociation des prix et des conditions d&#039;achat Optimisez vos co\u00fbts et obtenez les meilleures conditions gr\u00e2ce \u00e0 une n\u00e9gociation experte. En savoir plus Contr\u00f4le de la qualit\u00e9 [&hellip;]<\/p>\n","protected":false},"author":1,"featured_media":125,"parent":0,"menu_order":0,"comment_status":"closed","ping_status":"closed","template":"page-templates\/pages.php","meta":{"footnotes":""},"class_list":["post-1082","page","type-page","status-publish","has-post-thumbnail","hentry"],"_links":{"self":[{"href":"https:\/\/www.testlyara.backxport.com\/index.php\/wp-json\/wp\/v2\/pages\/1082","targetHints":{"allow":["GET"]}}],"collection":[{"href":"https:\/\/www.testlyara.backxport.com\/index.php\/wp-json\/wp\/v2\/pages"}],"about":[{"href":"https:\/\/www.testlyara.backxport.com\/index.php\/wp-json\/wp\/v2\/types\/page"}],"author":[{"embeddable":true,"href":"https:\/\/www.testlyara.backxport.com\/index.php\/wp-json\/wp\/v2\/users\/1"}],"replies":[{"embeddable":true,"href":"https:\/\/www.testlyara.backxport.com\/index.php\/wp-json\/wp\/v2\/comments?post=1082"}],"version-history":[{"count":21,"href":"https:\/\/www.testlyara.backxport.com\/index.php\/wp-json\/wp\/v2\/pages\/1082\/revisions"}],"predecessor-version":[{"id":2197,"href":"https:\/\/www.testlyara.backxport.com\/index.php\/wp-json\/wp\/v2\/pages\/1082\/revisions\/2197"}],"wp:featuredmedia":[{"embeddable":true,"href":"https:\/\/www.testlyara.backxport.com\/index.php\/wp-json\/wp\/v2\/media\/125"}],"wp:attachment":[{"href":"https:\/\/www.testlyara.backxport.com\/index.php\/wp-json\/wp\/v2\/media?parent=1082"}],"curies":[{"name":"wp","href":"https:\/\/api.w.org\/{rel}","templated":true}]}}