{"id":1107,"date":"2022-03-31T06:47:51","date_gmt":"2022-03-31T06:47:51","guid":{"rendered":"https:\/\/wordpressriverthemes.com\/demodata\/?page_id=1107"},"modified":"2024-02-11T21:45:45","modified_gmt":"2024-02-11T20:45:45","slug":"our-services-v3","status":"publish","type":"page","link":"https:\/\/www.testlyara.backxport.com\/index.php\/our-services-v1\/our-services-v3\/","title":{"rendered":"La gestion logistique"},"content":{"rendered":"\t\t<div data-elementor-type=\"wp-page\" data-elementor-id=\"1107\" class=\"elementor elementor-1107\">\n\t\t\t\t\t\t<section class=\"elementor-section elementor-top-section elementor-element elementor-element-f68024f elementor-section-full_width elementor-section-height-default elementor-section-height-default\" data-id=\"f68024f\" data-element_type=\"section\" data-e-type=\"section\">\n\t\t\t\t\t\t<div class=\"elementor-container elementor-column-gap-default\">\n\t\t\t\t\t<div class=\"elementor-column elementor-col-100 elementor-top-column elementor-element elementor-element-2ece300\" data-id=\"2ece300\" data-element_type=\"column\" data-e-type=\"column\">\n\t\t\t<div class=\"elementor-widget-wrap elementor-element-populated\">\n\t\t\t\t\t\t<div class=\"elementor-element elementor-element-4442793 elementor-widget elementor-widget-dah2features\" data-id=\"4442793\" data-element_type=\"widget\" data-e-type=\"widget\" data-widget_type=\"dah2features.default\">\n\t\t\t\t<div class=\"elementor-widget-container\">\n\t\t\t\t\t\n        <!-- Start Features\n    ============================================= -->\n    <div class=\"feature-area default-padding-bottom bottom-less\">\n         <!-- Shape -->\n        <div class=\"fixed-bottom-shape\" style=\"background-image: url(http:\/\/www.testlyara.backxport.com\/wp-content\/uploads\/2024\/01\/Portrait-p-magic-exfa.jpeg);\"><\/div>\n        <!-- Shape -->\n        <div class=\"container\">\n            <div class=\"feature-items text-center\">\n                <div class=\"row\">\n                                        <!-- Single Item -->\n                    <div class=\"single-item col-lg-4 col-md-6 wow fadeInUp\" data-wow-delay=\"300ms\">\n                        <div class=\"item\">\n                            <div class=\"info\">\n                                <h4>R\u00e9duire les co\u00fbts<\/h4>\n                                <p>\n                                    Optimiser les processus logistiques implique de rationaliser les flux de marchandises, de choisir les modes de transport les plus adapt\u00e9s et de n\u00e9gocier les prix avec les prestataires. Am\u00e9liorer la gestion des stocks permet de diminuer les niveaux de stock tout en garantissant la disponibilit\u00e9 des produits pour r\u00e9pondre \u00e0 la demande des clients. D\u00e9ployer des technologies innovantes comme l&#039;intelligence artificielle et la robotique peut contribuer \u00e0 automatiser les t\u00e2ches et \u00e0 r\u00e9duire les co\u00fbts de main-d&#039;\u0153uvre.                                <\/p>\n                            <\/div>\n                            <div class=\"icon\">\n                                <img decoding=\"async\" src=\"https:\/\/wordpressriverthemes.com\/demodata\/wp-content\/uploads\/2022\/03\/management.png\" alt=\"Icon\">\n                            <\/div>\n                        <\/div>\n                    <\/div>\n                    <!-- End Single Item -->                    <!-- Single Item -->\n                    <div class=\"single-item col-lg-4 col-md-6 wow fadeInUp\" data-wow-delay=\"300ms\">\n                        <div class=\"item\">\n                            <div class=\"info\">\n                                <h4>Am\u00e9liorer la performance<\/h4>\n                                <p>\n                                    R\u00e9duire les d\u00e9lais de livraison est essentiel pour r\u00e9pondre aux exigences des clients qui exigent des livraisons rapides et fiables. Augmenter la tra\u00e7abilit\u00e9 des produits permet de suivre l&#039;origine et la destination des produits, ce qui est essentiel pour la s\u00e9curit\u00e9 alimentaire et la gestion des rappels de produits. D\u00e9velopper une strat\u00e9gie omnicanale permet aux entreprises de livrer les produits aux clients via diff\u00e9rents canaux de distribution, tels que les magasins physiques, les sites e-commerce et les points relais.                                <\/p>\n                            <\/div>\n                            <div class=\"icon\">\n                                <img decoding=\"async\" src=\"https:\/\/wordpressriverthemes.com\/demodata\/wp-content\/uploads\/2022\/03\/branding.png\" alt=\"Icon\">\n                            <\/div>\n                        <\/div>\n                    <\/div>\n                    <!-- End Single Item -->                    <!-- Single Item -->\n                    <div class=\"single-item col-lg-4 col-md-6 wow fadeInUp\" data-wow-delay=\"300ms\">\n                        <div class=\"item\">\n                            <div class=\"info\">\n                                <h4>Ma\u00eetriser les risques<\/h4>\n                                <p>\n                                    S\u00e9curiser les transports est essentiel pour minimiser les risques de vol et de dommages pendant le transport des marchandises. G\u00e9rer les impr\u00e9vus comme les catastrophes naturelles, les gr\u00e8ves et les ruptures de stock est important pour faire face aux al\u00e9as de la cha\u00eene d&#039;approvisionnement. Respecter les r\u00e9glementations en mati\u00e8re de s\u00e9curit\u00e9, de transport et d&#039;environnement permet d&#039;\u00e9viter les sanctions et les p\u00e9nalit\u00e9s.                                <\/p>\n                            <\/div>\n                            <div class=\"icon\">\n                                <img decoding=\"async\" src=\"https:\/\/wordpressriverthemes.com\/demodata\/wp-content\/uploads\/2022\/03\/Interaction.png\" alt=\"Icon\">\n                            <\/div>\n                        <\/div>\n                    <\/div>\n                    <!-- End Single Item -->                <\/div>\n            <\/div>\n        <\/div>\n    <\/div>\n    <!-- End Features -->\n\n    \t\t\t\t<\/div>\n\t\t\t\t<\/div>\n\t\t\t\t\t<\/div>\n\t\t<\/div>\n\t\t\t\t\t<\/div>\n\t\t<\/section>\n\t\t\t\t<\/div>\n\t\t","protected":false},"excerpt":{"rendered":"<p>R\u00e9duire les co\u00fbts Optimiser les processus logistiques implique de rationaliser les flux de marchandises, de choisir les modes de transport les plus adapt\u00e9s et de n\u00e9gocier les prix avec les prestataires. Am\u00e9liorer la gestion des stocks permet de diminuer les niveaux de stock tout en garantissant la disponibilit\u00e9 des produits pour r\u00e9pondre \u00e0 la demande [&hellip;]<\/p>\n","protected":false},"author":1,"featured_media":2255,"parent":1082,"menu_order":3,"comment_status":"closed","ping_status":"closed","template":"page-templates\/pages.php","meta":{"footnotes":""},"class_list":["post-1107","page","type-page","status-publish","has-post-thumbnail","hentry"],"_links":{"self":[{"href":"https:\/\/www.testlyara.backxport.com\/index.php\/wp-json\/wp\/v2\/pages\/1107","targetHints":{"allow":["GET"]}}],"collection":[{"href":"https:\/\/www.testlyara.backxport.com\/index.php\/wp-json\/wp\/v2\/pages"}],"about":[{"href":"https:\/\/www.testlyara.backxport.com\/index.php\/wp-json\/wp\/v2\/types\/page"}],"author":[{"embeddable":true,"href":"https:\/\/www.testlyara.backxport.com\/index.php\/wp-json\/wp\/v2\/users\/1"}],"replies":[{"embeddable":true,"href":"https:\/\/www.testlyara.backxport.com\/index.php\/wp-json\/wp\/v2\/comments?post=1107"}],"version-history":[{"count":13,"href":"https:\/\/www.testlyara.backxport.com\/index.php\/wp-json\/wp\/v2\/pages\/1107\/revisions"}],"predecessor-version":[{"id":2282,"href":"https:\/\/www.testlyara.backxport.com\/index.php\/wp-json\/wp\/v2\/pages\/1107\/revisions\/2282"}],"up":[{"embeddable":true,"href":"https:\/\/www.testlyara.backxport.com\/index.php\/wp-json\/wp\/v2\/pages\/1082"}],"wp:featuredmedia":[{"embeddable":true,"href":"https:\/\/www.testlyara.backxport.com\/index.php\/wp-json\/wp\/v2\/media\/2255"}],"wp:attachment":[{"href":"https:\/\/www.testlyara.backxport.com\/index.php\/wp-json\/wp\/v2\/media?parent=1107"}],"curies":[{"name":"wp","href":"https:\/\/api.w.org\/{rel}","templated":true}]}}